{"id":27,"date":"2023-11-30T17:17:16","date_gmt":"2023-11-30T16:17:16","guid":{"rendered":"https:\/\/beaumessage.com\/?post_type=product&#038;p=27"},"modified":"2023-11-30T17:18:12","modified_gmt":"2023-11-30T16:18:12","slug":"savon-personnalise-bio-au-agrumes","status":"publish","type":"product","link":"https:\/\/beaumessage.com\/index.php\/product\/savon-personnalise-bio-au-agrumes\/","title":{"rendered":"SAVON PERSONNALIS\u00c9 \/ BIO \/ AU AGRUMES"},"content":{"rendered":"","protected":false},"excerpt":{"rendered":"<h2>UN MARIAGE, UN BAPTEME, UN ANNIVERSAIRE&#8230;<\/h2>\n<ul>\n<li><strong>CHOISISSEZ VOTRE TEXTE, LA POLICE, AJOUTER DU TEXTE<\/strong>.<\/li>\n<li><strong>MARQUAGE BLANC EN LEGER RELIEF.<\/strong><\/li>\n<li><strong>TAILLE 55 grammes :<\/strong> 7,3 cm x 1,3 cm x 7,3 cm<\/li>\n<li><strong>TAILLE 115 grammes :<\/strong> 7,3 cm x 2,6 cm x 7,3 cm<\/li>\n<li><strong>COMMANDE MINIMUM : 6 savons.<\/strong><\/li>\n<li><strong>CERTIFI\u00c9 BIO \/ INGREDIENTS 100% NATURELS<\/strong><\/li>\n<li><strong>SURGRAS 6,5% \/ GLYC\u00c9RINE V\u00c9G\u00c9TALE 8,0%<\/strong><\/li>\n<li>HYDRATATION \/ DOUCEUR \/ VISAGE ET CORPS<\/li>\n<li>VEGAN &amp; ZERO DECHET<\/li>\n<li><strong>FABRIQU\u00c9 ET PERSONNALIS\u00c9 DANS NOTRE ATELIER.<\/strong><\/li>\n<li><strong>VOUS AVEZ UNE QUESTION : <span style=\"color: #ff6600;\">09 51 14 61 55<\/span><\/strong><\/li>\n<li><strong>OU : <a href=\"mailto:questions@gaiia.fr\"><span style=\"color: #ff6600;\">Envoyer un mail questions clients<\/span><\/a><\/strong><\/li>\n<\/ul>\n<p><strong>PARFUM DOUCEUR D&#8217;AGRUMES<\/strong><\/p>\n<hr \/>\n<p><a href=\"https:\/\/www.gaiia-shop.com\/mentions-et-labels-bio\/\" target=\"_blank\" rel=\"noopener\"><img loading=\"lazy\" decoding=\"async\" class=\"alignnone size-lws_wr_thumbnail wp-image-165517\" src=\"https:\/\/www.gaiia-shop.com\/wp-content\/uploads\/2016\/03\/mention-label-artisan-NCBio.svg\" alt=\"savon naturel doux fait main\" width=\"350\" height=\"88\" \/><img loading=\"lazy\" decoding=\"async\" class=\"alignnone size-full wp-image-163084\" src=\"https:\/\/www.gaiia-shop.com\/wp-content\/uploads\/2023\/02\/rond-intuitif.jpg\" alt=\"\" width=\"95\" height=\"95\" \/><\/a><\/p>\n<hr \/>\n","protected":false},"featured_media":28,"comment_status":"open","ping_status":"closed","template":"","meta":[],"product_cat":[15],"product_tag":[],"_links":{"self":[{"href":"https:\/\/beaumessage.com\/index.php\/wp-json\/wp\/v2\/product\/27"}],"collection":[{"href":"https:\/\/beaumessage.com\/index.php\/wp-json\/wp\/v2\/product"}],"about":[{"href":"https:\/\/beaumessage.com\/index.php\/wp-json\/wp\/v2\/types\/product"}],"replies":[{"embeddable":true,"href":"https:\/\/beaumessage.com\/index.php\/wp-json\/wp\/v2\/comments?post=27"}],"wp:featuredmedia":[{"embeddable":true,"href":"https:\/\/beaumessage.com\/index.php\/wp-json\/wp\/v2\/media\/28"}],"wp:attachment":[{"href":"https:\/\/beaumessage.com\/index.php\/wp-json\/wp\/v2\/media?parent=27"}],"wp:term":[{"taxonomy":"product_cat","embeddable":true,"href":"https:\/\/beaumessage.com\/index.php\/wp-json\/wp\/v2\/product_cat?post=27"},{"taxonomy":"product_tag","embeddable":true,"href":"https:\/\/beaumessage.com\/index.php\/wp-json\/wp\/v2\/product_tag?post=27"}],"curies":[{"name":"wp","href":"https:\/\/api.w.org\/{rel}","templated":true}]}}